{"id":2411,"date":"2026-02-09T06:38:19","date_gmt":"2026-02-09T06:38:19","guid":{"rendered":"https:\/\/metalfestgame.com\/?post_type=product&#038;p=2411"},"modified":"2026-02-13T15:09:57","modified_gmt":"2026-02-13T15:09:57","slug":"fcking-pack-overdrive","status":"publish","type":"product","link":"https:\/\/metalfestgame.com\/index.php\/produit\/fcking-pack-overdrive\/","title":{"rendered":"Pack Overdrive"},"content":{"rendered":"","protected":false},"excerpt":{"rendered":"<p>30 cartes Groupe, 46 cartes \u00c9v\u00e9nement, 68 pions Fans, 8 pions Warm-Up, 2 pions Fuck, 4 aides de jeu et 1 livret de r\u00e8gles<\/p>\n","protected":false},"featured_media":1928,"comment_status":"open","ping_status":"closed","template":"","meta":[],"product_brand":[],"product_cat":[35],"product_tag":[],"class_list":{"0":"post-2411","1":"product","2":"type-product","3":"status-publish","4":"has-post-thumbnail","6":"product_cat-precommande","8":"first","9":"instock","10":"taxable","11":"shipping-taxable","12":"purchasable","13":"product-type-simple"},"_links":{"self":[{"href":"https:\/\/metalfestgame.com\/index.php\/wp-json\/wp\/v2\/product\/2411","targetHints":{"allow":["GET"]}}],"collection":[{"href":"https:\/\/metalfestgame.com\/index.php\/wp-json\/wp\/v2\/product"}],"about":[{"href":"https:\/\/metalfestgame.com\/index.php\/wp-json\/wp\/v2\/types\/product"}],"replies":[{"embeddable":true,"href":"https:\/\/metalfestgame.com\/index.php\/wp-json\/wp\/v2\/comments?post=2411"}],"wp:featuredmedia":[{"embeddable":true,"href":"https:\/\/metalfestgame.com\/index.php\/wp-json\/wp\/v2\/media\/1928"}],"wp:attachment":[{"href":"https:\/\/metalfestgame.com\/index.php\/wp-json\/wp\/v2\/media?parent=2411"}],"wp:term":[{"taxonomy":"product_brand","embeddable":true,"href":"https:\/\/metalfestgame.com\/index.php\/wp-json\/wp\/v2\/product_brand?post=2411"},{"taxonomy":"product_cat","embeddable":true,"href":"https:\/\/metalfestgame.com\/index.php\/wp-json\/wp\/v2\/product_cat?post=2411"},{"taxonomy":"product_tag","embeddable":true,"href":"https:\/\/metalfestgame.com\/index.php\/wp-json\/wp\/v2\/product_tag?post=2411"}],"curies":[{"name":"wp","href":"https:\/\/api.w.org\/{rel}","templated":true}]}}